{"id":1023,"date":"2015-12-14T07:14:55","date_gmt":"2015-12-14T05:14:55","guid":{"rendered":"http:\/\/consulting.stylemixthemes.com\/demo\/?page_id=2"},"modified":"2018-05-03T13:09:19","modified_gmt":"2018-05-03T10:09:19","slug":"anasayfa","status":"publish","type":"page","link":"https:\/\/erdilkalip.com.tr\/en\/","title":{"rendered":"anasayfa"},"content":{"rendered":"<p>[vc_row css=&#8221;.vc_custom_1450677977665{margin-bottom: 0px !important;}&#8221;][vc_column offset=&#8221;vc_hidden-xs&#8221;][rev_slider_vc alias=&#8221;fullscreen-main-slider&#8221;][\/vc_column][\/vc_row][vc_row full_width=&#8221;stretch_row&#8221; el_class=&#8221;third_bg_color&#8221; css=&#8221;.vc_custom_1450692516354{margin-bottom: 60px !important;}&#8221;][vc_column][vc_cta h2=&#8221;Hizmetlerimiz hakk\u0131nda detayl\u0131 bilgi almak ister misiniz ? &#8221; h2_font_container=&#8221;font_size:20px|color:%23ffffff|line_height:24px&#8221; h2_use_theme_fonts=&#8221;yes&#8221; shape=&#8221;square&#8221; style=&#8221;flat&#8221; add_button=&#8221;right&#8221; btn_title=&#8221;Bize ula\u015f\u0131n&#8221; btn_style=&#8221;flat&#8221; btn_color=&#8221;theme_style_2&#8243; btn_align=&#8221;right&#8221; btn_i_align=&#8221;right&#8221; btn_i_icon_fontawesome=&#8221;fa fa-chevron-right&#8221; use_custom_fonts_h2=&#8221;true&#8221; btn_button_block=&#8221;true&#8221; btn_add_icon=&#8221;true&#8221; el_class=&#8221;third_bg_color&#8221; css=&#8221;.vc_custom_1525342159398{margin-bottom: 0px !important;}&#8221; btn_link=&#8221;url:http%3A%2F%2Ferdilkalip.com.tr%2Filetisim%2F|||&#8221;][\/vc_cta][\/vc_column][\/vc_row][vc_row css=&#8221;.vc_custom_1450856873482{margin-bottom: 37px !important;}&#8221;][vc_column width=&#8221;1\/3&#8243;][stm_animation_block animation=&#8221;fadeInUp&#8221; animation_duration=&#8221;1&#8243; animation_delay=&#8221;0&#8243;][stm_info_box style=&#8221;style_3&#8243; title_icon=&#8221;stm-chart-monitor&#8221; icon=&#8221;fa fa-chevron-right&#8221; title=&#8221;Tasar\u0131m S\u00fcreci&#8221; image=&#8221;1391&#8243; link=&#8221;url:http%3A%2F%2Ferdilkalip.com.tr%2Ftasarim-sureci%2F|title:Devam%C4%B1&#8230;||&#8221;]Firmam\u0131zda kal\u0131p tasar\u0131mlar\u0131m\u0131z en \u00f6zenli ve en h\u0131zl\u0131 bi\u00e7imde yap\u0131lmaktad\u0131r.[\/stm_info_box][\/stm_animation_block][\/vc_column][vc_column width=&#8221;1\/3&#8243;][stm_animation_block animation=&#8221;fadeInUp&#8221; animation_duration=&#8221;1&#8243; animation_delay=&#8221;0.05&#8243;][stm_info_box style=&#8221;style_3&#8243; title_icon=&#8221;stm-chart-refresh&#8221; icon=&#8221;fa fa-chevron-right&#8221; title=&#8221;Kal\u0131p&#8221; image=&#8221;1355&#8243; link=&#8221;url:http%3A%2F%2Ferdilkalip.com.tr%2Fkalip%2F|title:Devam%C4%B1&#8230;||&#8221;]Kal\u0131phanemiz, m\u00fc\u015fterilerin ihtiya\u00e7 duyaca\u011f\u0131 kal\u0131plar\u0131, boyut s\u0131n\u0131r\u0131 olmaks\u0131z\u0131n \u00fcretmeye elveri\u015fli bir \u015fekilde donat\u0131lm\u0131\u015ft\u0131r.[\/stm_info_box][\/stm_animation_block][\/vc_column][vc_column width=&#8221;1\/3&#8243;][stm_animation_block animation=&#8221;fadeInUp&#8221; animation_duration=&#8221;1&#8243; animation_delay=&#8221;0.1&#8243;][stm_info_box style=&#8221;style_3&#8243; title_icon=&#8221;stm-cup&#8221; icon=&#8221;fa fa-chevron-right&#8221; title=&#8221;Enjeksiyon Bask\u0131&#8221; image=&#8221;1395&#8243; link=&#8221;url:http%3A%2F%2Ferdilkalip.com.tr%2Fenjeksiyon-baski%2F|title:Devam%C4%B1&#8230;||&#8221;]Enjeksiyon B\u00f6l\u00fcm\u00fcnde; ileri teknoloji ile, full otomatik makine sistemleri ile 0,1gr&#8217;dan 250 gr&#8217;a kadar plastik mamullerin \u00fcretimi yap\u0131lmaktad\u0131r.[\/stm_info_box][\/stm_animation_block][\/vc_column][\/vc_row][vc_row full_width=&#8221;stretch_row&#8221; video_bg=&#8221;yes&#8221; video_bg_url=&#8221;https:\/\/www.youtube.com\/watch?v=xZGRzOiBLYE&#8221; el_class=&#8221;overlay fixed_bg&#8221; css=&#8221;.vc_custom_1489060399291{margin-bottom: 53px !important;padding-top: 110px !important;padding-bottom: 81px !important;background-position: center !important;background-repeat: no-repeat !important;background-size: cover !important;}&#8221;][vc_column][vc_row_inner][vc_column_inner][vc_custom_heading icon=&#8221;stm-check&#8221; icon_size=&#8221;67&#8243; text=&#8221;<mark>Do\u011fru zamanda, do\u011fru \u015feyi yapmak<\/mark><br \/>\n&#8221; font_container=&#8221;tag:h4|font_size:45px|text_align:left|color:%23ffffff|line_height:45px&#8221; google_fonts=&#8221;font_family:Poppins%3A300%2Cregular%2C500%2C600%2C700|font_style:700%20bold%3A700%3Anormal&#8221; custom_icon=&#8221;stm-check&#8221; css=&#8221;.vc_custom_1485661566347{margin-bottom: 61px !important;}&#8221; el_class=&#8221;no_stripe&#8221;][\/vc_column_inner][\/vc_row_inner][vc_row_inner][vc_column_inner width=&#8221;1\/6&#8243; offset=&#8221;vc_col-lg-offset-1&#8243;][stm_stats_counter counter_value=&#8221;321&#8243; title=&#8221;Plastik&#8221;][\/vc_column_inner][vc_column_inner width=&#8221;1\/6&#8243;][stm_stats_counter counter_value=&#8221;27&#8243; title=&#8221;Kal\u0131p&#8221;][\/vc_column_inner][vc_column_inner width=&#8221;1\/6&#8243;][stm_stats_counter counter_value=&#8221;125&#8243; title=&#8221;\u00dcr\u00fcn&#8221;][\/vc_column_inner][vc_column_inner width=&#8221;1\/6&#8243;][stm_stats_counter counter_value=&#8221;100&#8243; counter_value_suf=&#8221;%&#8221; title=&#8221;M\u00fc\u015fteri Memnuniyeti&#8221;][\/vc_column_inner][\/vc_row_inner][\/vc_column][\/vc_row][vc_row css=&#8221;.vc_custom_1450960276268{margin-bottom: 73px !important;}&#8221;][vc_column][vc_custom_heading text=&#8221;Neden Erdil Kal\u0131p ?&#8221; font_container=&#8221;tag:h2|font_size:45px|text_align:center|line_height:60px&#8221; use_theme_fonts=&#8221;yes&#8221; el_class=&#8221;base_font_color&#8221; css=&#8221;.vc_custom_1485661876714{margin-bottom: 76px !important;}&#8221;][stm_testimonials_carousel count=&#8221;6&#8243; per_row=&#8221;2&#8243; link=&#8221;url:http%3A%2F%2Fconsulting.stylemixthemes.com\/demo%2Ftestimonials-page%2F||&#8221;][\/vc_column][\/vc_row]<\/p>\n","protected":false},"excerpt":{"rendered":"<p>[vc_row css=&#8221;.vc_custom_1450677977665{margin-bottom: 0px !important;}&#8221;][vc_column offset=&#8221;vc_hidden-xs&#8221;][rev_slider_vc alias=&#8221;fullscreen-main-slider&#8221;][\/vc_column][\/vc_row][vc_row full_width=&#8221;stretch_row&#8221; el_class=&#8221;third_bg_color&#8221; css=&#8221;.vc_custom_1450692516354{margin-bottom: 60px !important;}&#8221;][vc_column][vc_cta h2=&#8221;Hizmetlerimiz hakk\u0131nda detayl\u0131 bilgi almak ister misiniz ? &#8221; h2_font_container=&#8221;font_size:20px|color:%23ffffff|line_height:24px&#8221; h2_use_theme_fonts=&#8221;yes&#8221; shape=&#8221;square&#8221; style=&#8221;flat&#8221; add_button=&#8221;right&#8221; btn_title=&#8221;Bize ula\u015f\u0131n&#8221; btn_style=&#8221;flat&#8221; btn_color=&#8221;theme_style_2&#8243; btn_align=&#8221;right&#8221; btn_i_align=&#8221;right&#8221; btn_i_icon_fontawesome=&#8221;fa fa-chevron-right&#8221; use_custom_fonts_h2=&#8221;true&#8221; btn_button_block=&#8221;true&#8221; btn_add_icon=&#8221;true&#8221; el_class=&#8221;third_bg_color&#8221; css=&#8221;.vc_custom_1525342159398{margin-bottom: 0px !important;}&#8221; btn_link=&#8221;url:http%3A%2F%2Ferdilkalip.com.tr%2Filetisim%2F|||&#8221;][\/vc_cta][\/vc_column][\/vc_row][vc_row css=&#8221;.vc_custom_1450856873482{margin-bottom: 37px !important;}&#8221;][vc_column width=&#8221;1\/3&#8243;][stm_animation_block animation=&#8221;fadeInUp&#8221; animation_duration=&#8221;1&#8243; animation_delay=&#8221;0&#8243;][stm_info_box style=&#8221;style_3&#8243; title_icon=&#8221;stm-chart-monitor&#8221; icon=&#8221;fa fa-chevron-right&#8221; title=&#8221;Tasar\u0131m S\u00fcreci&#8221; image=&#8221;1391&#8243;<\/p>\n","protected":false},"author":1,"featured_media":0,"parent":0,"menu_order":0,"comment_status":"closed","ping_status":"closed","template":"","meta":{"footnotes":""},"class_list":["post-1023","page","type-page","status-publish","hentry"],"_links":{"self":[{"href":"https:\/\/erdilkalip.com.tr\/en\/wp-json\/wp\/v2\/pages\/1023","targetHints":{"allow":["GET"]}}],"collection":[{"href":"https:\/\/erdilkalip.com.tr\/en\/wp-json\/wp\/v2\/pages"}],"about":[{"href":"https:\/\/erdilkalip.com.tr\/en\/wp-json\/wp\/v2\/types\/page"}],"author":[{"embeddable":true,"href":"https:\/\/erdilkalip.com.tr\/en\/wp-json\/wp\/v2\/users\/1"}],"replies":[{"embeddable":true,"href":"https:\/\/erdilkalip.com.tr\/en\/wp-json\/wp\/v2\/comments?post=1023"}],"version-history":[{"count":0,"href":"https:\/\/erdilkalip.com.tr\/en\/wp-json\/wp\/v2\/pages\/1023\/revisions"}],"wp:attachment":[{"href":"https:\/\/erdilkalip.com.tr\/en\/wp-json\/wp\/v2\/media?parent=1023"}],"curies":[{"name":"wp","href":"https:\/\/api.w.org\/{rel}","templated":true}]}}