{"id":11,"date":"2015-12-15T07:37:48","date_gmt":"2015-12-15T05:37:48","guid":{"rendered":"http:\/\/consulting.stylemixthemes.com\/demo\/?page_id=11"},"modified":"2017-05-12T15:32:34","modified_gmt":"2017-05-12T12:32:34","slug":"iletisim","status":"publish","type":"page","link":"https:\/\/erdilkalip.com.tr\/en\/iletisim\/","title":{"rendered":"ileti\u015fim"},"content":{"rendered":"<p>[vc_row css=&#8221;.vc_custom_1452509933393{margin-bottom: 41px !important;}&#8221;][vc_column][vc_tta_tabs shape=&#8221;square&#8221; spacing=&#8221;&#8221; active_section=&#8221;1&#8243; no_fill_content_area=&#8221;true&#8221; el_class=&#8221;theme_style&#8221;][vc_tta_section title=&#8221;SEFAK\u00d6Y \/ K\u00dc\u00c7\u00dcK\u00c7EKMECE &#8211; \u0130STANBUL&#8221; tab_id=&#8221;1&#8243;][vc_row_inner css=&#8221;.vc_custom_1452504967583{margin-bottom: 33px !important;}&#8221;][vc_column_inner width=&#8221;2\/3&#8243;][vc_gmaps link=&#8221;#E-8_JTNDaWZyYW1lJTIwc3JjJTNEJTIyaHR0cHMlM0ElMkYlMkZ3d3cuZ29vZ2xlLmNvbSUyRm1hcHMlMkZlbWJlZCUzRnBiJTNEJTIxMW0xNCUyMTFtOCUyMTFtMyUyMTFkMTIwNDMuODQxNTg4NjY2Nzk1JTIxMmQyOC44MDQ2OTMlMjEzZDQxLjAwNDI0JTIxM20yJTIxMWkxMDI0JTIxMmk3NjglMjE0ZjEzLjElMjEzbTMlMjExbTIlMjExczB4MCUyNTNBMHhkZmNjZjc2ZmMwYTBjNmM2JTIxMnNFcmRpbCUyQkthbCUyNUM0JTI1QjFwJTIxNWUwJTIxM20yJTIxMXN0ciUyMTJzdHIlMjE0djE0ODU2NjI2NjkzMDglMjIlMjB3aWR0aCUzRCUyMjYwMCUyMiUyMGhlaWdodCUzRCUyMjQ1MCUyMiUyMGZyYW1lYm9yZGVyJTNEJTIyMCUyMiUyMHN0eWxlJTNEJTIyYm9yZGVyJTNBMCUyMiUyMGFsbG93ZnVsbHNjcmVlbiUzRSUzQyUyRmlmcmFtZSUzRQ==&#8221; size=&#8221;370px&#8221;][\/vc_column_inner][vc_column_inner width=&#8221;1\/3&#8243;][stm_contacts_widget class=&#8221;overlay_3&#8243; title=&#8221;Bize ula\u015f\u0131n&#8221; address=&#8221;Kartaltepe, Malazgirt Cad.\/yal\u00e7\u0131n Sok.<br \/>\nNo:53\/A, 34295 K\u00fc\u00e7\u00fck\u00e7ekmece\/\u0130stanbul&#8221; phone=&#8221;Tel : 212 598 51 61&#8243; email=&#8221;info@erdilkalip.com.tr&#8221; css=&#8221;.vc_custom_1494592355458{padding-top: 46px !important;padding-right: 50px !important;padding-bottom: 46px !important;padding-left: 50px !important;background-image: url(http:\/\/erdilkalip.com.tr\/wp-content\/uploads\/2015\/12\/placeholder.gif?id=493) !important;}&#8221; facebook=&#8221;https:\/\/www.facebook.com\/erdilkalip&#8221; twitter=&#8221;#&#8221; linkedin=&#8221;#&#8221; google_plus=&#8221;#&#8221; skype=&#8221;#&#8221;][\/vc_column_inner][\/vc_row_inner][vc_row_inner][vc_column_inner width=&#8221;2\/3&#8243;][vc_custom_heading text=&#8221;Bize yaz\u0131n&#8221; font_container=&#8221;tag:h4|text_align:left&#8221; use_theme_fonts=&#8221;yes&#8221; css=&#8221;.vc_custom_1485662872673{margin-bottom: 30px !important;}&#8221;][vc_column_text]<script type=\"text\/javascript\" src=\"https:\/\/form.jotform.com\/jsform\/71312397987973\"><\/script>[\/vc_column_text][\/vc_column_inner][vc_column_inner width=&#8221;1\/3&#8243;][vc_custom_heading text=&#8221;Birimler&#8221; font_container=&#8221;tag:h4|text_align:left&#8221; use_theme_fonts=&#8221;yes&#8221; css=&#8221;.vc_custom_1485663085978{margin-bottom: 30px !important;}&#8221;][stm_contact name=&#8221;Eren Dilmen&#8221; image=&#8221;1103&#8243; email=&#8221;eren@eridlkalip.com.tr&#8221; job=&#8221;0542 680 75 33&#8243;][stm_contact name=&#8221;\u00d6mer Dilmen&#8221; image=&#8221;1103&#8243; email=&#8221;omer@erdilkalip.com.tr&#8221; job=&#8221;0542 680 75 80&#8243;][stm_contact name=&#8221;\u00d6zlem Dilmen&#8221; image=&#8221;1103&#8243; email=&#8221;ozlem@erdilkalip.com.tr&#8221; job=&#8221;Muhasebe&#8221;][\/vc_column_inner][\/vc_row_inner][\/vc_tta_section][\/vc_tta_tabs][\/vc_column][\/vc_row]<\/p>\n","protected":false},"excerpt":{"rendered":"<p>[vc_row css=&#8221;.vc_custom_1452509933393{margin-bottom: 41px !important;}&#8221;][vc_column][vc_tta_tabs shape=&#8221;square&#8221; spacing=&#8221;&#8221; active_section=&#8221;1&#8243; no_fill_content_area=&#8221;true&#8221; el_class=&#8221;theme_style&#8221;][vc_tta_section title=&#8221;SEFAK\u00d6Y \/ K\u00dc\u00c7\u00dcK\u00c7EKMECE &#8211; \u0130STANBUL&#8221; tab_id=&#8221;1&#8243;][vc_row_inner css=&#8221;.vc_custom_1452504967583{margin-bottom: 33px !important;}&#8221;][vc_column_inner width=&#8221;2\/3&#8243;][vc_gmaps link=&#8221;#E-8_JTNDaWZyYW1lJTIwc3JjJTNEJTIyaHR0cHMlM0ElMkYlMkZ3d3cuZ29vZ2xlLmNvbSUyRm1hcHMlMkZlbWJlZCUzRnBiJTNEJTIxMW0xNCUyMTFtOCUyMTFtMyUyMTFkMTIwNDMuODQxNTg4NjY2Nzk1JTIxMmQyOC44MDQ2OTMlMjEzZDQxLjAwNDI0JTIxM20yJTIxMWkxMDI0JTIxMmk3NjglMjE0ZjEzLjElMjEzbTMlMjExbTIlMjExczB4MCUyNTNBMHhkZmNjZjc2ZmMwYTBjNmM2JTIxMnNFcmRpbCUyQkthbCUyNUM0JTI1QjFwJTIxNWUwJTIxM20yJTIxMXN0ciUyMTJzdHIlMjE0djE0ODU2NjI2NjkzMDglMjIlMjB3aWR0aCUzRCUyMjYwMCUyMiUyMGhlaWdodCUzRCUyMjQ1MCUyMiUyMGZyYW1lYm9yZGVyJTNEJTIyMCUyMiUyMHN0eWxlJTNEJTIyYm9yZGVyJTNBMCUyMiUyMGFsbG93ZnVsbHNjcmVlbiUzRSUzQyUyRmlmcmFtZSUzRQ==&#8221; size=&#8221;370px&#8221;][\/vc_column_inner][vc_column_inner width=&#8221;1\/3&#8243;][stm_contacts_widget class=&#8221;overlay_3&#8243; title=&#8221;Bize ula\u015f\u0131n&#8221; address=&#8221;Kartaltepe, Malazgirt Cad.\/yal\u00e7\u0131n Sok. No:53\/A, 34295 K\u00fc\u00e7\u00fck\u00e7ekmece\/\u0130stanbul&#8221; phone=&#8221;Tel : 212 598 51 61&#8243; email=&#8221;info@erdilkalip.com.tr&#8221; css=&#8221;.vc_custom_1494592355458{padding-top: 46px !important;padding-right: 50px !important;padding-bottom: 46px !important;padding-left: 50px !important;background-image: url(http:\/\/erdilkalip.com.tr\/wp-content\/uploads\/2015\/12\/placeholder.gif?id=493) !important;}&#8221; facebook=&#8221;https:\/\/www.facebook.com\/erdilkalip&#8221; twitter=&#8221;#&#8221; linkedin=&#8221;#&#8221; google_plus=&#8221;#&#8221; skype=&#8221;#&#8221;][\/vc_column_inner][\/vc_row_inner][vc_row_inner][vc_column_inner<\/p>\n","protected":false},"author":1,"featured_media":0,"parent":0,"menu_order":0,"comment_status":"closed","ping_status":"closed","template":"","meta":{"footnotes":""},"class_list":["post-11","page","type-page","status-publish","hentry"],"_links":{"self":[{"href":"https:\/\/erdilkalip.com.tr\/en\/wp-json\/wp\/v2\/pages\/11","targetHints":{"allow":["GET"]}}],"collection":[{"href":"https:\/\/erdilkalip.com.tr\/en\/wp-json\/wp\/v2\/pages"}],"about":[{"href":"https:\/\/erdilkalip.com.tr\/en\/wp-json\/wp\/v2\/types\/page"}],"author":[{"embeddable":true,"href":"https:\/\/erdilkalip.com.tr\/en\/wp-json\/wp\/v2\/users\/1"}],"replies":[{"embeddable":true,"href":"https:\/\/erdilkalip.com.tr\/en\/wp-json\/wp\/v2\/comments?post=11"}],"version-history":[{"count":0,"href":"https:\/\/erdilkalip.com.tr\/en\/wp-json\/wp\/v2\/pages\/11\/revisions"}],"wp:attachment":[{"href":"https:\/\/erdilkalip.com.tr\/en\/wp-json\/wp\/v2\/media?parent=11"}],"curies":[{"name":"wp","href":"https:\/\/api.w.org\/{rel}","templated":true}]}}