{"id":1363,"date":"2017-06-18T15:33:10","date_gmt":"2017-06-18T12:33:10","guid":{"rendered":"http:\/\/erdilkalip.com.tr\/?page_id=1363"},"modified":"2018-04-13T12:50:49","modified_gmt":"2018-04-13T09:50:49","slug":"tasarim-sureci","status":"publish","type":"page","link":"https:\/\/erdilkalip.com.tr\/en\/tasarim-sureci\/","title":{"rendered":"Tasar\u0131m S\u00fcreci"},"content":{"rendered":"<p><img loading=\"lazy\" decoding=\"async\" class=\"alignleft wp-image-1359 size-full\" src=\"http:\/\/erdilkalip.com.tr\/wp-content\/uploads\/2015\/12\/3-1.jpg\" alt=\"\" width=\"350\" height=\"250\" srcset=\"https:\/\/erdilkalip.com.tr\/wp-content\/uploads\/2015\/12\/3-1.jpg 350w, https:\/\/erdilkalip.com.tr\/wp-content\/uploads\/2015\/12\/3-1-300x214.jpg 300w, https:\/\/erdilkalip.com.tr\/wp-content\/uploads\/2015\/12\/3-1-255x182.jpg 255w\" sizes=\"auto, (max-width: 350px) 100vw, 350px\" \/><\/p>\n<p>Firmam\u0131zda kal\u0131p tasar\u0131mlar\u0131m\u0131z en \u00f6zenli ve en h\u0131zl\u0131 bi\u00e7imde yap\u0131lmaktad\u0131r.<br \/>\nBa\u015far\u0131l\u0131 bir \u00fcretim i\u00e7in kal\u0131p tasar\u0131mlar\u0131, deneyimli ve uzman tasar\u0131m ekibi taraf\u0131ndan m\u00fc\u015fteri talepleri do\u011frultusunda kalite, maliyet ve zaman a\u00e7\u0131s\u0131ndan en verimli ve kapsaml\u0131 analizleri yaparak garanti alt\u0131na al\u0131nm\u0131\u015f olur.<\/p>\n<p>Tasar\u0131mc\u0131lar\u0131m\u0131z her kal\u0131p i\u00e7in performans analizi yap\u0131p referans bilgileri size sa\u011flayabilir.<\/p>\n<p>Erdil Kal\u0131p fikri haklar\u0131 koruyarak gizlili\u011fe y\u00fcksek derecede \u00f6nem verir.<br \/>\n3D tasar\u0131mlar\u0131m\u0131z i\u00e7in kulland\u0131\u011f\u0131m\u0131z yaz\u0131l\u0131mlar\u0131m\u0131z;<\/p>\n<p><strong>UNIGRAPHICS NX 7,5 &#8211;\u00a0<\/strong><strong>MOLD wizard &#8211;\u00a0<\/strong><strong>CAD &#8211;\u00a0<\/strong><strong>CAM<\/strong><\/p>\n<p>kal\u0131p tasar\u0131m\u0131na ba\u015flamadan \u00f6nce par\u00e7an\u0131n malzemesi se\u00e7ilir, \u00fcretim y\u00f6ntemi belirlenir ve \u00fcretilecek par\u00e7an\u0131n teknik resmi olu\u015fturulur. kal\u0131p tasar\u0131m\u0131 yap\u0131labilmesi i\u00e7in, \u00fcretim bilgileri, ayl\u0131k \u00fcretim bilgileri, \u00e7evrim s\u00fcresi, yat\u0131r\u0131m b\u00fct\u00e7esi gibi bilgiler sayesinde kal\u0131b\u0131n ka\u00e7 g\u00f6zl\u00fc olaca\u011f\u0131 belirlenmi\u015f olur. Tasar\u0131m a\u015famas\u0131nda yap\u0131lacak kal\u0131b\u0131n hareketli ma\u00e7a olup olmayaca\u011f\u0131, yolluk ve iticici tipi, so\u011futma sistemi gibi temel konular da belirlenir.<br \/>\nkal\u0131p temel prensipleri konusunda m\u00fc\u015fteri ile anla\u015f\u0131p sipari\u015f al\u0131nd\u0131ktan sonra kal\u0131b\u0131n detay tasar\u0131m\u0131na ge\u00e7ilir. kal\u0131p tasar\u0131m\u0131 3D olarak yap\u0131l\u0131r. kal\u0131b\u0131n \u00e7al\u0131\u015fma prensibi , hareket s\u0131ras\u0131, ad\u0131mlar\u0131 de\u011ferlendirilir. Bu a\u015famada \u00fcretim s\u0131ras\u0131nda par\u00e7ada hata riski \u00f6ng\u00f6r\u00fcl\u00fcrse \u00fcretim sim\u00fclasyonu yap\u0131larak hatalar en aza indirgenebilir.<br \/>\nKal\u0131p detay tasar\u0131m\u0131 bittikten sonra malzemeler sipari\u015f edilerek kal\u0131p \u00fcretimine ba\u015flan\u0131r. S\u00fcre\u00e7 kal\u0131p denemesi, par\u00e7a ve kal\u0131b\u0131n onay\u0131 ile tamamlan\u0131r.<\/p>\n<p><strong>B\u0130LG\u0130SAYAR DESTEKL\u0130 D\u0130ZAYNIN FAYDALARI<\/strong><br \/>\nCAD\u2019 in pek \u00e7ok faydas\u0131 vard\u0131r. Ancak bunlardan sadece baz\u0131lar\u0131 kolayl\u0131kla \u00f6l\u00e7\u00fclebilir. \u00d6rne\u011fin, i\u015f kalitesinin geli\u015fmesi, daha kullan\u0131\u015fl\u0131 bilgi, kontrol\u00fcn geli\u015fmesi gibi belirli bir miktar ile belirlemenin g\u00fc\u00e7 oldu\u011fu soyut faydalar\u0131 vard\u0131r. Baz\u0131 faydalar\u0131 ise somuttur fakat bunlardan sa\u011flanan faydalar\u0131 \u00fcretim prosesinden bulup \u00e7\u0131karmak ve dolay\u0131s\u0131yla dizayn safhas\u0131nda bunlar\u0131 para miktar\u0131 ile ifade etmek g\u00fc\u00e7t\u00fcr. CAD sistemlerinin uygulanmas\u0131ndan sa\u011flanan baz\u0131 faydalarsa direkt olarak \u00f6l\u00e7\u00fclebilirler. A\u015fa\u011f\u0131da b\u00fct\u00fcnle\u015fik CAD \/ CAM sistemlerinden sa\u011flanan faydalar \u015fu \u015fekilde s\u0131ralanabilir.<\/p>\n<p>Daha k\u0131sa temin zamanlar\u0131 sa\u011flar.<br \/>\nM\u00fchendislik personelinin ihtiya\u00e7lar\u0131 azal\u0131r.<br \/>\nYap\u0131lm\u0131\u015f tasar\u0131mlar \u00fczerinde ortaya \u00e7\u0131kan m\u00fc\u015fteri isteklerinin kolayl\u0131kla yerine getirilmesi.<br \/>\nPiyasan\u0131n ihtiya\u00e7lar\u0131na daha h\u0131zl\u0131 cevap verilir. Gerekli veri taban\u0131 olu\u015fturulduktan sonra benzer yeni mamuller \u00fcretmek i\u00e7in gereken proje zamanlar\u0131n\u0131 en aza indirerek, pazar rekabetinde avantaj sa\u011flayacakt\u0131r.<br \/>\nKopyalama ( \u00e7izme ) hatalar\u0131 minimuma iner.<br \/>\nDizayn\u0131n do\u011frulu\u011fu artar.<br \/>\nDizaynlar daha standart olur.<br \/>\nAnaliz s\u0131ras\u0131nda bile\u015fenlerin birbirleriyle etkile\u015fimleri daha kolay belirlenir.<br \/>\nDaha iyi bir fonksiyonel analiz sa\u011flayarak prototip test say\u0131s\u0131 azal\u0131r.<br \/>\nDok\u00fcmantasyon sa\u011flamaya haz\u0131rlamaya destek sa\u011flar.<br \/>\nTak\u0131m dizayn\u0131nda \u00fcretkenli\u011fi artt\u0131r\u0131r.<br \/>\nMaliyetler hakk\u0131nda daha iyi bilgi sa\u011flar.<br \/>\nDaha iyi bir dizayn sa\u011flar.<br \/>\nNC par\u00e7a programlar\u0131 ve rutin \u00e7izim g\u00f6revleri i\u00e7in gerekli e\u011fitim s\u00fcresini azalt\u0131r.<br \/>\nNC par\u00e7a programlar\u0131nda daha az hata olu\u015fur.<br \/>\nMevcut par\u00e7alar\u0131n daha fazla i\u015flenmeleri ve kullan\u0131lmalar\u0131 i\u00e7in bir potansiyel sa\u011flar.<br \/>\nDizayn\u0131n mevcut imalat tekniklerine uygun olmas\u0131n\u0131 sa\u011flar.<br \/>\nAlgoritmalar\u0131 optimalle\u015ftirerek malzemelerden ve makine zamanlar\u0131ndan tasarruf sa\u011flar.<br \/>\nProjeler \u00fczerinde \u00e7al\u0131\u015fan dizayn personelinin daha etkin bir \u015fekilde y\u00f6netilmesini sa\u011flar.<br \/>\nKarma\u015f\u0131k par\u00e7alar\u0131n incelenmesine yard\u0131mc\u0131 olur.<br \/>\nM\u00fchendisler, tasar\u0131mc\u0131lar, y\u00f6netim ve farkl\u0131 proje gruplar\u0131 aras\u0131nda daha iyi bir anla\u015fma ve haberle\u015fme ortam\u0131 sa\u011flar.<\/p>\n","protected":false},"excerpt":{"rendered":"<p>Firmam\u0131zda kal\u0131p tasar\u0131mlar\u0131m\u0131z en \u00f6zenli ve en h\u0131zl\u0131 bi\u00e7imde yap\u0131lmaktad\u0131r. Ba\u015far\u0131l\u0131 bir \u00fcretim i\u00e7in kal\u0131p tasar\u0131mlar\u0131, deneyimli ve uzman tasar\u0131m ekibi taraf\u0131ndan m\u00fc\u015fteri talepleri do\u011frultusunda kalite, maliyet ve zaman a\u00e7\u0131s\u0131ndan en verimli ve kapsaml\u0131 analizleri yaparak garanti alt\u0131na al\u0131nm\u0131\u015f olur. Tasar\u0131mc\u0131lar\u0131m\u0131z her kal\u0131p i\u00e7in performans analizi yap\u0131p referans bilgileri size sa\u011flayabilir. Erdil Kal\u0131p fikri haklar\u0131<\/p>\n","protected":false},"author":1,"featured_media":0,"parent":0,"menu_order":0,"comment_status":"closed","ping_status":"closed","template":"","meta":{"footnotes":""},"class_list":["post-1363","page","type-page","status-publish","hentry"],"_links":{"self":[{"href":"https:\/\/erdilkalip.com.tr\/en\/wp-json\/wp\/v2\/pages\/1363","targetHints":{"allow":["GET"]}}],"collection":[{"href":"https:\/\/erdilkalip.com.tr\/en\/wp-json\/wp\/v2\/pages"}],"about":[{"href":"https:\/\/erdilkalip.com.tr\/en\/wp-json\/wp\/v2\/types\/page"}],"author":[{"embeddable":true,"href":"https:\/\/erdilkalip.com.tr\/en\/wp-json\/wp\/v2\/users\/1"}],"replies":[{"embeddable":true,"href":"https:\/\/erdilkalip.com.tr\/en\/wp-json\/wp\/v2\/comments?post=1363"}],"version-history":[{"count":0,"href":"https:\/\/erdilkalip.com.tr\/en\/wp-json\/wp\/v2\/pages\/1363\/revisions"}],"wp:attachment":[{"href":"https:\/\/erdilkalip.com.tr\/en\/wp-json\/wp\/v2\/media?parent=1363"}],"curies":[{"name":"wp","href":"https:\/\/api.w.org\/{rel}","templated":true}]}}