{"id":1364,"date":"2017-06-18T15:24:17","date_gmt":"2017-06-18T12:24:17","guid":{"rendered":"http:\/\/erdilkalip.com.tr\/?page_id=1364"},"modified":"2018-04-13T12:51:20","modified_gmt":"2018-04-13T09:51:20","slug":"kalip","status":"publish","type":"page","link":"https:\/\/erdilkalip.com.tr\/en\/kalip\/","title":{"rendered":"Kal\u0131p"},"content":{"rendered":"<p><img loading=\"lazy\" decoding=\"async\" class=\"alignleft size-full wp-image-1355\" src=\"http:\/\/erdilkalip.com.tr\/wp-content\/uploads\/2015\/12\/3-2.jpg\" alt=\"\" width=\"350\" height=\"250\" srcset=\"https:\/\/erdilkalip.com.tr\/wp-content\/uploads\/2015\/12\/3-2.jpg 350w, https:\/\/erdilkalip.com.tr\/wp-content\/uploads\/2015\/12\/3-2-300x214.jpg 300w, https:\/\/erdilkalip.com.tr\/wp-content\/uploads\/2015\/12\/3-2-255x182.jpg 255w\" sizes=\"auto, (max-width: 350px) 100vw, 350px\" \/>Kal\u0131phanemiz, m\u00fc\u015fterilerin ihtiya\u00e7 duyaca\u011f\u0131 kal\u0131plar\u0131, boyut s\u0131n\u0131r\u0131 olmaks\u0131z\u0131n \u00fcretmeye elveri\u015fli bir \u015fekilde donat\u0131lm\u0131\u015ft\u0131r. \u00d6zellik Plastik Enjeksiyon Kal\u0131p alan\u0131nda uzmanla\u015fm\u0131\u015f departman\u0131m\u0131z 3 D CAD CAM y\u00fczey ve ve kat\u0131 modelleme programlar\u0131 ile tasarlanan i\u015fleri teknolojik CNC tezgahlar\u0131na g\u00f6redir. Kal\u0131p hanenin metal ve plastik \u00fcretim hatt\u0131 ile koordineli \u00e7al\u0131\u015ft\u0131\u011f\u0131m\u0131z m\u00fc\u015fterilerin sipari\u015fleri her a\u015famada \u00f6zenle kontrol edilir ve \u00fcretilir.<\/p>\n<p>T\u00fcm sipari\u015fler size s\u00f6z verdi\u011fimiz kalitede ve zamanda teslim edilir. Firmam\u0131z b\u00fcnyesindeki tecr\u00fcbeli elemanlar\u0131 ve personeli ile sat\u0131\u015f sonras\u0131 hizmette de sizleri zor durumda b\u0131rakmayacak \u015fekilde ekonomik \u00e7\u00f6z\u00fcmler \u00fcretilmesinde ve hizmetin taraf\u0131n\u0131za en h\u0131zl\u0131 \u015fekilde ula\u015ft\u0131r\u0131lmas\u0131 konusunda t\u00fcm enerjisi ile \u00e7al\u0131\u015fmaktad\u0131r. \u00c7al\u0131\u015fmalar\u0131m\u0131z\u0131n temeli; kaliteyi, y\u00fcksek teknolojiyi ve kullan\u0131m kolayl\u0131\u011f\u0131n\u0131 birle\u015ftiren h\u0131zl\u0131, uygun fiyatlarda ve Kaliteli plastik enjeksiyon kal\u0131plar\u0131 \u00fcreterek, sat\u0131\u015f sonras\u0131 servis hizmetleri ve m\u00fc\u015fteri memnuniyetini en \u00fcst d\u00fczeyde tutmakt\u0131r.<\/p>\n<p>Plastikler, \u00fcretim kolayl\u0131\u011f\u0131, hafiflik ve ekonomikli\u011fin yan\u0131nda estetik ve kendinden renklendirilebilme \u00f6zellikleri en b\u00fcy\u00fck avantajlar\u0131d\u0131r. Dolay\u0131s\u0131 ile plastik mamullerin g\u00fcn\u00fcm\u00fcz y\u00fcksek rekabet ortam\u0131nda kendinden istenen i\u015flevi en iyi \u015fekilde yerine getirebilmesi i\u00e7in uygun y\u00f6ntemin se\u00e7ilmesi ve optimum bir tasar\u0131m\u0131n ger\u00e7ekle\u015fmesi gereklidir.G\u00fcn\u00fcm\u00fczde plastikler, sanayide olduk\u00e7a \u00f6nemli bir konuma gelmi\u015flerdir. Art\u0131k plastikler g\u0131dalar\u0131n paketlenmesinde, ula\u015f\u0131ma kadar hemen hemen her sahada ba\u015far\u0131yla kullan\u0131lmaktad\u0131r.<\/p>\n<p>Par\u00e7alar\u0131n geometrik tasar\u0131m\u0131nda da dikkatli olunmal\u0131d\u0131r. Delikler, kaburgalar, di\u015fler gibi k\u0131s\u0131mlar\u0131n boyutland\u0131r\u0131lmas\u0131nda ilgili kurallara uyulmal\u0131d\u0131r ki, kal\u0131plama i\u015fleminden sonra \u00e7arp\u0131lma, bo\u015fluklar gibi sorunlar ya\u015fanmas\u0131n.Tasar\u0131m s\u0131ras\u0131nda plastiklerin kimyasal ve fiziksel \u00f6zellikleri ile ilgili temel bilgilerin bilinmesi de faydal\u0131 olacakt\u0131r. B\u00f6ylece par\u00e7an\u0131n, istenen fonksiyonu ba\u015far\u0131yla yerine getirebilmesini sa\u011flayacak en uygun malzeme se\u00e7ilebilecektir.<\/p>\n<p>&nbsp;<\/p>\n","protected":false},"excerpt":{"rendered":"<p>Kal\u0131phanemiz, m\u00fc\u015fterilerin ihtiya\u00e7 duyaca\u011f\u0131 kal\u0131plar\u0131, boyut s\u0131n\u0131r\u0131 olmaks\u0131z\u0131n \u00fcretmeye elveri\u015fli bir \u015fekilde donat\u0131lm\u0131\u015ft\u0131r. \u00d6zellik Plastik Enjeksiyon Kal\u0131p alan\u0131nda uzmanla\u015fm\u0131\u015f departman\u0131m\u0131z 3 D CAD CAM y\u00fczey ve ve kat\u0131 modelleme programlar\u0131 ile tasarlanan i\u015fleri teknolojik CNC tezgahlar\u0131na g\u00f6redir. Kal\u0131p hanenin metal ve plastik \u00fcretim hatt\u0131 ile koordineli \u00e7al\u0131\u015ft\u0131\u011f\u0131m\u0131z m\u00fc\u015fterilerin sipari\u015fleri her a\u015famada \u00f6zenle kontrol edilir ve<\/p>\n","protected":false},"author":1,"featured_media":0,"parent":0,"menu_order":0,"comment_status":"closed","ping_status":"closed","template":"","meta":{"footnotes":""},"class_list":["post-1364","page","type-page","status-publish","hentry"],"_links":{"self":[{"href":"https:\/\/erdilkalip.com.tr\/en\/wp-json\/wp\/v2\/pages\/1364","targetHints":{"allow":["GET"]}}],"collection":[{"href":"https:\/\/erdilkalip.com.tr\/en\/wp-json\/wp\/v2\/pages"}],"about":[{"href":"https:\/\/erdilkalip.com.tr\/en\/wp-json\/wp\/v2\/types\/page"}],"author":[{"embeddable":true,"href":"https:\/\/erdilkalip.com.tr\/en\/wp-json\/wp\/v2\/users\/1"}],"replies":[{"embeddable":true,"href":"https:\/\/erdilkalip.com.tr\/en\/wp-json\/wp\/v2\/comments?post=1364"}],"version-history":[{"count":0,"href":"https:\/\/erdilkalip.com.tr\/en\/wp-json\/wp\/v2\/pages\/1364\/revisions"}],"wp:attachment":[{"href":"https:\/\/erdilkalip.com.tr\/en\/wp-json\/wp\/v2\/media?parent=1364"}],"curies":[{"name":"wp","href":"https:\/\/api.w.org\/{rel}","templated":true}]}}