{"id":1365,"date":"2017-06-18T15:27:35","date_gmt":"2017-06-18T12:27:35","guid":{"rendered":"http:\/\/erdilkalip.com.tr\/?page_id=1365"},"modified":"2018-04-13T13:03:10","modified_gmt":"2018-04-13T10:03:10","slug":"enjeksiyon-baski","status":"publish","type":"page","link":"https:\/\/erdilkalip.com.tr\/en\/enjeksiyon-baski\/","title":{"rendered":"Enjeksiyon Bask\u0131"},"content":{"rendered":"<p><img loading=\"lazy\" decoding=\"async\" class=\"alignleft size-full wp-image-1357\" src=\"http:\/\/erdilkalip.com.tr\/wp-content\/uploads\/2015\/12\/3-3.png\" alt=\"\" width=\"383\" height=\"250\" srcset=\"https:\/\/erdilkalip.com.tr\/wp-content\/uploads\/2015\/12\/3-3.png 383w, https:\/\/erdilkalip.com.tr\/wp-content\/uploads\/2015\/12\/3-3-300x196.png 300w\" sizes=\"auto, (max-width: 383px) 100vw, 383px\" \/>Plastik enjeksiyon fason bask\u0131, s\u0131cakl\u0131k yard\u0131m\u0131 ile eritilmi\u015f plastik hammaddenin bir kal\u0131p i\u00e7ine enjekte edilerek \u015fekillendirilmesi ve so\u011futularak kal\u0131ptan \u00e7\u0131kar\u0131lmas\u0131n\u0131 i\u00e7eren bir imalat y\u00f6ntemidir. Bu metod ile en k\u00fc\u00e7\u00fck \u00fcr\u00fcnlerden, bah\u00e7e mobilyalar\u0131na kadar \u00e7ok \u00e7e\u015fitli ebat ve kategorilerde plastik par\u00e7alar imal edilebilir. En yayg\u0131n imalat y\u00f6ntemlerinden biridir. \u0130\u015flemin ger\u00e7ekle\u015ftirildi\u011fi makineye plastik enjeksiyon makinesi denir.<\/p>\n<p>Bir enjeksiyon makinesi \u00fc\u00e7 ana par\u00e7adan olu\u015fur: kapama \u00fcnitesi (mengene), enjeksiyon \u00fcnitesi ve kal\u0131p. Kapama \u00fcnitesi, enjeksiyon ve so\u011futma esnas\u0131nda kal\u0131b\u0131 bas\u0131n\u00e7 alt\u0131nda tutan \u00fcnitedir. Daha basit olarak enjeksiyon kal\u0131b\u0131n\u0131n iki taraf\u0131n\u0131 (di\u015fi ve erkek) birle\u015ftiren \u00fcnitedir.<\/p>\n<p>&nbsp;<\/p>\n<p>&nbsp;<\/p>\n<p><strong>Enjeksiyon<\/strong><\/p>\n<p>Enjeksiyon a\u015famas\u0131 esnas\u0131nda, gran\u00fcl halindeki plastik malzeme enjeksiyon \u00fcnitesi \u00fczerindeki hazneye d\u00f6k\u00fcl\u00fcr. Oradan rezistansl\u0131 \u0131s\u0131t\u0131c\u0131lar ile \u0131s\u0131t\u0131lan silindir i\u00e7ine, elektrik motoru ile kumanda edilen bir vida vas\u0131tas\u0131 ile al\u0131n\u0131r. Vida s\u0131k\u0131\u015ft\u0131rma i\u015flemi yaparak s\u0131cakl\u0131k ve bas\u0131n\u00e7 alt\u0131nda eriyik hale gelen plastik malzemeyi silindirin sonuna kadar ilerletir. Vidan\u0131n \u00f6n\u00fcne kal\u0131b\u0131 doldurmak i\u00e7in yeterince malzeme al\u0131nd\u0131\u011f\u0131nda enjeksiyon i\u015flemi ba\u015flar. Erimi\u015f plastik, makinenin ucundaki bir meme vas\u0131tas\u0131 ile kal\u0131b\u0131n i\u00e7ine g\u00f6nderilir. Bu i\u015flem esnas\u0131ndaki bas\u0131n\u00e7 ve h\u0131z hidrolik motor ile kontrol edilir.<\/p>\n<p>&nbsp;<\/p>\n","protected":false},"excerpt":{"rendered":"<p>Plastik enjeksiyon fason bask\u0131, s\u0131cakl\u0131k yard\u0131m\u0131 ile eritilmi\u015f plastik hammaddenin bir kal\u0131p i\u00e7ine enjekte edilerek \u015fekillendirilmesi ve so\u011futularak kal\u0131ptan \u00e7\u0131kar\u0131lmas\u0131n\u0131 i\u00e7eren bir imalat y\u00f6ntemidir. Bu metod ile en k\u00fc\u00e7\u00fck \u00fcr\u00fcnlerden, bah\u00e7e mobilyalar\u0131na kadar \u00e7ok \u00e7e\u015fitli ebat ve kategorilerde plastik par\u00e7alar imal edilebilir. En yayg\u0131n imalat y\u00f6ntemlerinden biridir. \u0130\u015flemin ger\u00e7ekle\u015ftirildi\u011fi makineye plastik enjeksiyon makinesi denir. Bir<\/p>\n","protected":false},"author":1,"featured_media":0,"parent":0,"menu_order":0,"comment_status":"closed","ping_status":"closed","template":"","meta":{"footnotes":""},"class_list":["post-1365","page","type-page","status-publish","hentry"],"_links":{"self":[{"href":"https:\/\/erdilkalip.com.tr\/en\/wp-json\/wp\/v2\/pages\/1365","targetHints":{"allow":["GET"]}}],"collection":[{"href":"https:\/\/erdilkalip.com.tr\/en\/wp-json\/wp\/v2\/pages"}],"about":[{"href":"https:\/\/erdilkalip.com.tr\/en\/wp-json\/wp\/v2\/types\/page"}],"author":[{"embeddable":true,"href":"https:\/\/erdilkalip.com.tr\/en\/wp-json\/wp\/v2\/users\/1"}],"replies":[{"embeddable":true,"href":"https:\/\/erdilkalip.com.tr\/en\/wp-json\/wp\/v2\/comments?post=1365"}],"version-history":[{"count":0,"href":"https:\/\/erdilkalip.com.tr\/en\/wp-json\/wp\/v2\/pages\/1365\/revisions"}],"wp:attachment":[{"href":"https:\/\/erdilkalip.com.tr\/en\/wp-json\/wp\/v2\/media?parent=1365"}],"curies":[{"name":"wp","href":"https:\/\/api.w.org\/{rel}","templated":true}]}}