{"id":377,"date":"2016-01-07T04:23:21","date_gmt":"2016-01-07T04:23:21","guid":{"rendered":"http:\/\/consulting.stylemixthemes.com\/demo\/?page_id=377"},"modified":"2017-06-18T15:21:40","modified_gmt":"2017-06-18T12:21:40","slug":"kurumsal","status":"publish","type":"page","link":"https:\/\/erdilkalip.com.tr\/en\/kurumsal\/","title":{"rendered":"Kurumsal"},"content":{"rendered":"<p>[vc_row css=&#8221;.vc_custom_1451991003825{margin-bottom: 100px !important;}&#8221;][vc_column width=&#8221;3\/4&#8243;][vc_single_image image=&#8221;1274&#8243; img_size=&#8221;full&#8221; css=&#8221;.vc_custom_1489054328214{margin-bottom: 46px !important;}&#8221;][vc_column_text css=&#8221;.vc_custom_1497788499460{margin-bottom: 50px !important;}&#8221;]<\/p>\n<h2>Hakk\u0131m\u0131zda<\/h2>\n<p><em>2000 Y\u0131l\u0131nda bir aile \u015firketi olarak kurulan firmam\u0131z <strong>ERD\u0130L KALIP<\/strong> 17 y\u0131ll\u0131k deneyimi ile plastik , bakalit ,metal enjeksiyon (al\u00fcminyum zamak) kal\u0131p \u00fcretim ve tasar\u0131m\u0131 ayr\u0131ca plastik enjeksiyon \u00fcr\u00fcn imalat\u0131nda rekabet\u00e7i fiyatlar ve size \u00f6zel \u00e7\u00f6z\u00fcmler sunmaktad\u0131r.<\/em><br \/>\n<em>Bilgisayar destekli kal\u0131p tasar\u0131m\u0131 da yapan <strong>ERD\u0130L KALIP<\/strong> \u00fcretim h\u0131z\u0131n\u0131 ve kapasitesini artt\u0131rm\u0131\u015f, m\u00fc\u015fteri talepleri artt\u0131k\u00e7a makine parkurunu geni\u015fletmi\u015ftir.<\/em><br \/>\n<em>Kal\u0131p ve bask\u0131 i\u015flerinin ayn\u0131 ortamda yap\u0131labilmesi \u00e7\u0131kabilecek problemlerin en k\u0131sa s\u00fcrede ve en sa\u011fl\u0131kl\u0131 bi\u00e7imde \u00e7\u00f6z\u00fcmlenmesine olanak sa\u011flamaktad\u0131r.<\/em><br \/>\n<em>Firmam\u0131z m\u00fc\u015fterilerimize otomotiv, ev aletleri, ev ve ofis e\u015fyalar\u0131, elektrik ve elektronik dahil olmak \u00fczere plastik sekt\u00f6r\u00fcn\u00fcn hemen hemen t\u00fcm y\u00f6nlerinde ihtiya\u00e7lar\u0131na kar\u015f\u0131l\u0131k vermek \u00fczere deneyimli personel ve geni\u015f ekipman ile hizmet vermektedir.<\/em><br \/>\n<em>Amac\u0131m\u0131z kal\u0131p sekt\u00f6r\u00fcnde en kaliteli ve en h\u0131zl\u0131 hizmeti verebilmektir.<\/em><br \/>\n<em>Firmam\u0131zda her t\u00fcrl\u00fc plastik ,bakalit, metal enjeksiyon (al\u00fcminyum zamak) kal\u0131b\u0131 \u00f6zenli ve kaliteli bir bi\u00e7imde imal edilmektedir.<\/em><br \/>\n<em>Kaliteli malzeme ve titiz i\u015f\u00e7ilik ile Otomotiv, ev aletleri, ev ve ofis e\u015fyalar\u0131, elektrik ve elektronik dahil olmak \u00fczere plastik sekt\u00f6r\u00fcn\u00fcn hemen hemen t\u00fcm y\u00f6nlerinde ihtiya\u00e7lar\u0131na kar\u015f\u0131l\u0131k vermek \u00fczere kal\u0131p imalat\u0131 yap\u0131labilmektedir.<\/em>[\/vc_column_text][vc_column_text]<strong>\u00c7\u00f6z\u00fcm Ortaklar\u0131m\u0131z<\/strong>[\/vc_column_text][vc_media_grid element_width=&#8221;2&#8243; grid_id=&#8221;vc_gid:1497788450610-d9dee41a-fbf6-0&#8243; include=&#8221;1250,1251,1252,1253,1254,1255,1256,1257,1258,1259,1261,1262,1267&#8243;][\/vc_column][vc_column width=&#8221;1\/4&#8243;][stm_sidebar sidebar=&#8221;311&#8243;][\/vc_column][\/vc_row][vc_row full_width=&#8221;stretch_row&#8221; el_class=&#8221;third_bg_color&#8221; css=&#8221;.vc_custom_1451889219674{margin-bottom: -60px !important;}&#8221;][vc_column][vc_cta h2=&#8221;Hizmetlerimiz hakk\u0131nda detayl\u0131 bilgi almak ister misiniz ? &#8221; h2_font_container=&#8221;font_size:20px|color:%23000000|line_height:24px&#8221; h2_use_theme_fonts=&#8221;yes&#8221; shape=&#8221;square&#8221; style=&#8221;flat&#8221; add_button=&#8221;right&#8221; btn_title=&#8221;Bize ula\u015f\u0131n&#8221; btn_style=&#8221;flat&#8221; btn_color=&#8221;theme_style_2&#8243; btn_align=&#8221;right&#8221; btn_i_align=&#8221;right&#8221; btn_i_icon_fontawesome=&#8221;fa fa-chevron-right&#8221; use_custom_fonts_h2=&#8221;true&#8221; btn_button_block=&#8221;true&#8221; btn_add_icon=&#8221;true&#8221; el_class=&#8221;third_bg_color&#8221; css=&#8221;.vc_custom_1485664471915{margin-bottom: 0px !important;}&#8221; btn_link=&#8221;url:http%3A%2F%2Ferdilkalip.com.tr%2Filetisim%2F|||&#8221;][\/vc_cta][\/vc_column][\/vc_row]<\/p>\n","protected":false},"excerpt":{"rendered":"<p>[vc_row css=&#8221;.vc_custom_1451991003825{margin-bottom: 100px !important;}&#8221;][vc_column width=&#8221;3\/4&#8243;][vc_single_image image=&#8221;1274&#8243; img_size=&#8221;full&#8221; css=&#8221;.vc_custom_1489054328214{margin-bottom: 46px !important;}&#8221;][vc_column_text css=&#8221;.vc_custom_1497788499460{margin-bottom: 50px !important;}&#8221;] Hakk\u0131m\u0131zda 2000 Y\u0131l\u0131nda bir aile \u015firketi olarak kurulan firmam\u0131z ERD\u0130L KALIP 17 y\u0131ll\u0131k deneyimi ile plastik , bakalit ,metal enjeksiyon (al\u00fcminyum zamak) kal\u0131p \u00fcretim ve tasar\u0131m\u0131 ayr\u0131ca plastik enjeksiyon \u00fcr\u00fcn imalat\u0131nda rekabet\u00e7i fiyatlar ve size \u00f6zel \u00e7\u00f6z\u00fcmler sunmaktad\u0131r. Bilgisayar destekli kal\u0131p tasar\u0131m\u0131<\/p>\n","protected":false},"author":1,"featured_media":0,"parent":0,"menu_order":0,"comment_status":"closed","ping_status":"closed","template":"","meta":{"footnotes":""},"class_list":["post-377","page","type-page","status-publish","hentry"],"_links":{"self":[{"href":"https:\/\/erdilkalip.com.tr\/en\/wp-json\/wp\/v2\/pages\/377","targetHints":{"allow":["GET"]}}],"collection":[{"href":"https:\/\/erdilkalip.com.tr\/en\/wp-json\/wp\/v2\/pages"}],"about":[{"href":"https:\/\/erdilkalip.com.tr\/en\/wp-json\/wp\/v2\/types\/page"}],"author":[{"embeddable":true,"href":"https:\/\/erdilkalip.com.tr\/en\/wp-json\/wp\/v2\/users\/1"}],"replies":[{"embeddable":true,"href":"https:\/\/erdilkalip.com.tr\/en\/wp-json\/wp\/v2\/comments?post=377"}],"version-history":[{"count":0,"href":"https:\/\/erdilkalip.com.tr\/en\/wp-json\/wp\/v2\/pages\/377\/revisions"}],"wp:attachment":[{"href":"https:\/\/erdilkalip.com.tr\/en\/wp-json\/wp\/v2\/media?parent=377"}],"curies":[{"name":"wp","href":"https:\/\/api.w.org\/{rel}","templated":true}]}}